{"id":128,"date":"2025-10-10T09:04:21","date_gmt":"2025-10-10T07:04:21","guid":{"rendered":"http:\/\/aquagrandest.fr\/?page_id=128"},"modified":"2025-10-10T09:13:15","modified_gmt":"2025-10-10T07:13:15","slug":"ouvrages-disponibles","status":"publish","type":"page","link":"https:\/\/aquagrandest.fr\/?page_id=128","title":{"rendered":"OUVRAGES DISPONIBLES"},"content":{"rendered":"\n<figure class=\"wp-block-table\"><table><tbody><tr><td><br> <strong>Guide de l\u2019aquaculture en Alsace-Lorraine\u00a0<\/strong> <strong>\u00a0 \u00a0 \u00a0 \u00a0 \u00a0 \u00a0 \u00a0 \u00a0 \u00a0 \u00a0 \u00a0 \u00a0 \u00a0 \u00a0 \u00a0 \u00a0 \u00a0 \u00a0 \u00a0 \u00a0 \u00a0 \u00a0\u00ab\u00a0Au bord de l\u2019eau\u00a0\u00bb 2005<\/strong> FLAC\u00a0: 32 pages, <strong>Gratuit\u00a0<\/strong>: Parcours de p\u00eache, h\u00e9bergement, restauration, ballade\u2026 \u00a0Format PDF\u00a0: <a href=\"file:\/\/\/C:\/Users\/Dell\/Documents\/Mes%20documents%202025\/Statuts\/Net\/flacaqua.fr\/FLAC%20Couv.pdf\">T\u00e9l\u00e9charger la couverture<\/a>, <a href=\"file:\/\/\/C:\/Users\/Dell\/Documents\/Mes%20documents%202025\/Statuts\/Net\/flacaqua.fr\/FLAC%20livret.pdf\">T\u00e9l\u00e9charger les pages<\/a>. <br><br><strong>Identification et conseils de gestion des plantes aquatiques prolif\u00e9rantes<\/strong>\u00a0<br><strong>ADAM M., MASSON G., PELTRE M-C.,JOUAN Y., TAMAZOUZT L., BANAS D., GLASSER T., L&#8217;HUILLIER A., WEYMESKIRCH R., DUTARTRE A., 2015.<\/strong>  \u00a0 \u00a0 \u00a0 \u00a0 \u00a0 \u00a0 \u00a0 \u00a0 \u00a0 \u00a0 \u00a0 \u00a0 \u00a0 \u00a0 \u00a0 \u00a0 \u00a0 \u00a0 \u00a0livret Technique: 40 pages.<br>\u00a0 \u00a0 \u00a0 \u00a0 \u00a0 \u00a0 \u00a0 \u00a0 \u00a0 \u00a0 \u00a0 \u00a0 \u00a0 \u00a0 \u00a0 \u00a0 \u00a0 \u00a0 \u00a0Prix TTC : 25 Euros \u00a0 <br><br><strong>Elevage de la lotte (Lota lota)\u00a0: recherche et\u00a0 perspectives<\/strong><br><strong>R\u00e9sum\u00e9 des interventions<\/strong> <strong>JOUAN Y., KUCHARCZYK D., DILLEN A.,&#8230;, 2004.<\/strong><br>FLAC-Mus\u00e9e de zoologie de Nancy : 36 pages<br>Prix TTC : 20 Euros  <strong>\u00a0<\/strong> <strong>\u00a0<\/strong><br><br><strong>Elevage de l\u2019\u00e9crevisse pattes rouges. R\u00e9sum\u00e9 des travaux de stage.<\/strong><br><strong>JOUAN Y. et FRANCKHAUSER R.\u00a0, 2018.<\/strong><br>FLAC-Falcut\u00e9 des sciences de l&#8217;Universit\u00e9 de Lorraine : 58 pages<br>Prix TTC : 53 Euros <br><br><strong>Grossissement de la perche (Perca fluviatilis L.) en conditions thermiques naturelles.<\/strong> <strong>Rapport.<\/strong> <strong>JOUAN Y., FONTAINE P., VLAVONOU R., AMANT P.\u00a0 et MASSON G., 1998.<\/strong><br>Convention MAPA &#8211; FLAC : 70 pages.<br>Prix TTC : 75 Euros <br><br><strong>Etude pr\u00e9liminaire de la production de poissons d\u2019ornement en France. Rapport.<\/strong><br><strong>STEIL A., BRUN-BELLUT J. et JOUAN Y., 1998.<\/strong><br>Convention MAPA \u2013 FLAC : 59 pages.<br>Prix TTC : 75 Euros<br><br><strong>Elevage et alimentation de la perche europ\u00e9enne. Rapport.<\/strong><br><strong>VLAVONOU R., FONTAINE P., JOUAN Y.,\u00a0\u00a0 et MASSON G., 1997.<\/strong><br>Convention MAPA &#8211; FLAC : 82 pages.<br>Prix TTC : 75 Euros <strong>La prolif\u00e9ration de la v\u00e9g\u00e9tation aquatique<\/strong><br><strong>en plan d\u2019eau :<\/strong><br><br><strong>Probl\u00e9matique et solutions<\/strong><br><strong>JOUAN Y., PELTRE M-C., DIDIER S.,\u00a0 DUTARTRE A., Ass. FLORAINE, GUILLONNEAU G.,<\/strong> <strong>EPINOUX F-X. et DUBOST N.,\u00a0 2001.<\/strong><br>R\u00e9sum\u00e9 des interventions, journ\u00e9e d&#8217;information: 45 pages.<br>Prix TTC : 30 Euros<br>\u00a0<br><strong><em>Commande \u00e0 adresser par courriel  \u00e0 :<\/em><\/strong><br><strong><em>flacyj@wanadoo.fr<\/em><\/strong><em><br><strong>R\u00e8glement par virement, une facture acquitt\u00e9e vous sera transmise. Merci.<\/strong><\/em> Vous recevez les documents sous format PDF. <br><br><strong><em><u>Egalement\u00a0:<\/u><\/em><\/strong> <strong>Livre de recette de cuisine \u00ab De la Rivi\u00e8re \u00e0 l&#8217;Assiette \u00bb aux Editions Fa\u00efencit\u00e9.<\/strong> Sur 128 pages magnifiques, cet ouvrage pr\u00e9sente les poissons lorrains et la fa\u00e7on des les cuisiner. Les textes descriptifs des poissons ont \u00e9t\u00e9 fournis aimablement par la FLAC. Si vous voulez recevoir ce livre, merci de le commander aupr\u00e8s de l&#8217;auteur \u00e0 : <a href=\"mailto:Guy.adam57@wanadoo.fr\">Guy.adam57@wanadoo.fr<\/a> Ou par courrier : Guy ADAM 24, avenue de la Gare 57 200\u00a0 SARREGUEMINES, Tel : 03 87 98 03 79 Prix\u00a0: 25 \u20ac TTC<\/td><td>&nbsp;<\/td><\/tr><\/tbody><\/table><\/figure>\n\n\n\n<figure class=\"wp-block-gallery columns-1 is-cropped\"><ul class=\"blocks-gallery-grid\"><li class=\"blocks-gallery-item\"><figure><img loading=\"lazy\" width=\"645\" height=\"377\" src=\"http:\/\/aquagrandest.fr\/wp-content\/uploads\/2024\/09\/Nouveau-logo.jpg\" alt=\"\" data-id=\"93\" data-full-url=\"http:\/\/aquagrandest.fr\/wp-content\/uploads\/2024\/09\/Nouveau-logo.jpg\" data-link=\"http:\/\/aquagrandest.fr\/?attachment_id=93\" class=\"wp-image-93\" srcset=\"https:\/\/aquagrandest.fr\/wp-content\/uploads\/2024\/09\/Nouveau-logo.jpg 645w, https:\/\/aquagrandest.fr\/wp-content\/uploads\/2024\/09\/Nouveau-logo-300x175.jpg 300w\" sizes=\"(max-width: 645px) 100vw, 645px\" \/><\/figure><\/li><\/ul><\/figure>\n","protected":false},"excerpt":{"rendered":"<p>Guide de l\u2019aquaculture en Alsace-Lorraine\u00a0 \u00a0 \u00a0 \u00a0 \u00a0 \u00a0 \u00a0 \u00a0 \u00a0 \u00a0 \u00a0 \u00a0 \u00a0 \u00a0 \u00a0 \u00a0 \u00a0 \u00a0 \u00a0 \u00a0 \u00a0 \u00a0 \u00a0\u00ab\u00a0Au bord de l\u2019eau\u00a0\u00bb 2005 FLAC\u00a0: 32 pages, Gratuit\u00a0: Parcours de p\u00eache, h\u00e9bergement, restauration, ballade\u2026 \u00a0Format PDF\u00a0: T\u00e9l\u00e9charger la couverture, T\u00e9l\u00e9charger les pages. Identification et conseils de gestion des [&hellip;]<\/p>\n","protected":false},"author":1,"featured_media":0,"parent":0,"menu_order":0,"comment_status":"closed","ping_status":"closed","template":"","meta":[],"_links":{"self":[{"href":"https:\/\/aquagrandest.fr\/index.php?rest_route=\/wp\/v2\/pages\/128"}],"collection":[{"href":"https:\/\/aquagrandest.fr\/index.php?rest_route=\/wp\/v2\/pages"}],"about":[{"href":"https:\/\/aquagrandest.fr\/index.php?rest_route=\/wp\/v2\/types\/page"}],"author":[{"embeddable":true,"href":"https:\/\/aquagrandest.fr\/index.php?rest_route=\/wp\/v2\/users\/1"}],"replies":[{"embeddable":true,"href":"https:\/\/aquagrandest.fr\/index.php?rest_route=%2Fwp%2Fv2%2Fcomments&post=128"}],"version-history":[{"count":3,"href":"https:\/\/aquagrandest.fr\/index.php?rest_route=\/wp\/v2\/pages\/128\/revisions"}],"predecessor-version":[{"id":132,"href":"https:\/\/aquagrandest.fr\/index.php?rest_route=\/wp\/v2\/pages\/128\/revisions\/132"}],"wp:attachment":[{"href":"https:\/\/aquagrandest.fr\/index.php?rest_route=%2Fwp%2Fv2%2Fmedia&parent=128"}],"curies":[{"name":"wp","href":"https:\/\/api.w.org\/{rel}","templated":true}]}}