{"id":45,"date":"2022-02-15T09:25:26","date_gmt":"2022-02-15T08:25:26","guid":{"rendered":"http:\/\/aquagrandest.fr\/?page_id=45"},"modified":"2022-02-15T09:25:26","modified_gmt":"2022-02-15T08:25:26","slug":"tradition-et-qualite","status":"publish","type":"page","link":"http:\/\/aquagrandest.fr\/?page_id=45","title":{"rendered":"Tradition et qualit\u00e9"},"content":{"rendered":"\n<figure class=\"wp-block-image size-large is-resized\"><img loading=\"lazy\" src=\"http:\/\/aquagrandest.fr\/wp-content\/uploads\/2022\/02\/logo-poissons-origine-grand-Est-1024x882.jpg\" alt=\"\" class=\"wp-image-46\" width=\"343\" height=\"295\" srcset=\"http:\/\/aquagrandest.fr\/wp-content\/uploads\/2022\/02\/logo-poissons-origine-grand-Est-1024x882.jpg 1024w, http:\/\/aquagrandest.fr\/wp-content\/uploads\/2022\/02\/logo-poissons-origine-grand-Est-300x259.jpg 300w, http:\/\/aquagrandest.fr\/wp-content\/uploads\/2022\/02\/logo-poissons-origine-grand-Est-768x662.jpg 768w, http:\/\/aquagrandest.fr\/wp-content\/uploads\/2022\/02\/logo-poissons-origine-grand-Est.jpg 1186w\" sizes=\"(max-width: 343px) 100vw, 343px\" \/><\/figure>\n\n\n\n<figure class=\"wp-block-image size-large is-resized\"><img loading=\"lazy\" src=\"http:\/\/aquagrandest.fr\/wp-content\/uploads\/2022\/02\/Poisson-naturel-detang-1024x882.jpg\" alt=\"\" class=\"wp-image-47\" width=\"341\" height=\"294\" srcset=\"http:\/\/aquagrandest.fr\/wp-content\/uploads\/2022\/02\/Poisson-naturel-detang-1024x882.jpg 1024w, http:\/\/aquagrandest.fr\/wp-content\/uploads\/2022\/02\/Poisson-naturel-detang-300x259.jpg 300w, http:\/\/aquagrandest.fr\/wp-content\/uploads\/2022\/02\/Poisson-naturel-detang-768x662.jpg 768w, http:\/\/aquagrandest.fr\/wp-content\/uploads\/2022\/02\/Poisson-naturel-detang.jpg 1186w\" sizes=\"(max-width: 341px) 100vw, 341px\" \/><\/figure>\n\n\n\n<p>Les chartes Qualit\u00e9, Poissons et Poisson Naturel d&#8217;Etang garantissent un poisson de qualit\u00e9 au moins \u00e9lev\u00e9 10 mois dans la r\u00e9gion Grand Est dans des conditions de vie id\u00e9ale avec une qualit\u00e9 d&#8217;eau contr\u00f4l\u00e9e et un environnement sain et le plus naturel possible.<\/p>\n\n\n\n<p><strong>Les adh\u00e9rents \u00e0 la Charte qualit\u00e9 Poissons, Origine Grand Est sont:<\/strong><\/p>\n\n\n\n<ul><li>Pisciculture de Champ sur l\u2019eau, M et Mme DALLEU, 5 route verte 88&nbsp;460 FAUCOMPIERRE, Te&nbsp;: 03 29 33 24 39 oou 06 77 04 01 06, <a href=\"mailto:dalleu.rene@orange.fr\">dalleu.rene@orange.fr<\/a><\/li><\/ul>\n\n\n\n<ul><li><strong>BETTON Philippe, pisciculture<\/strong><br>Coussances aux bois &#8211; 55 500 LIGNY EN BARROIS &#8211; T\u00e9l : 03 29 78 35 95 ,&nbsp;<a href=\"mailto:phibetton@wanadoo.fr\">phibetton@wanadoo.fr<\/a> &nbsp;<\/li><\/ul>\n\n\n\n<p><strong>&nbsp;Domaine du moulin neuf<\/strong><br>Le moulin neuf &#8211; 54 620 BOISMONT &#8211; T\u00e9l. : 03 82 89 71 59 \u2013&nbsp;<a href=\"mailto:domainedumoulinneuf@aliceadsl.fr\">domainedumoulinneuf@aliceadsl.fr<\/a>&nbsp;<\/p>\n\n\n\n<p><strong>&nbsp;Pisciculture les sources du vidus, Salmoniculture<\/strong><br>pr\u00e9 de l&#8217;Usine &#8211;&nbsp; &#8211; T\u00e9l. : (03) 88 94 20 39<br>55 190 VOID VACON, <a href=\"mailto:pisciculturedufraisbaril@wanadoo.fr\">pisciculturedufraisbaril@wanadoo.fr<\/a> et <a href=\"mailto:auxsourcesduheimbach@gmail.com\">auxsourcesduheimbach@gmail.com<\/a><\/p>\n\n\n\n<p><strong>&nbsp;MESSANG J\u00e9r\u00f4me, Elevage de truites<\/strong><br>57 560 ABRESCHWILLER &#8211; T\u00e9l. : 03 87 03 70 18, <a href=\"mailto:jmess.salmo@gmail.com\">jmess.salmo@gmail.com<\/a><\/p>\n\n\n\n<p><strong>PISCIVAL-LES-SOURCES<\/strong><br>Etang de Vaux &#8211; 54 400 VAUX WARNIMONT COSNES ET ROMAINS &#8211; T\u00e9l. : 03 82 24 19 40 &#8211; Fax : 03 82 25 43 50\u00a0<br><a href=\"mailto:lakdar.tamazouzt@libertysurf.fr\">lakdar.tamazouzt@libertysurf.fr<\/a><\/p>\n\n\n\n<p><strong>&nbsp;PISCICULTURE DU FRAIS BARIL XERTIGNY, Lorraine 88 200<br>France Tel: 03 29 30 10 47, <a href=\"mailto:pisciculturedufraisbaril@wanadoo.fr\">pisciculturedufraisbaril@wanadoo.fr<\/a>&nbsp;<\/strong>&nbsp;<\/p>\n\n\n\n<ul><li><strong>PISCICULTURE DESIETRA, &nbsp;<\/strong>DESIETRA&nbsp; gmbh, 95b Barville-Bas, 57&nbsp;790 NITTING, <a href=\"mailto:mesfin.belay@desietra.de\">mesfin.belay@desietra.de<\/a> et <a href=\"mailto:francois.kriegel@desietra.fr\">francois.kriegel@desietra.fr<\/a><\/li><\/ul>\n\n\n\n<p><strong>\u00a0PISCICULTURE De Vasperviller, 57560 VASPERVILLER, M. HEYMANN Georges \u2013 Tel\u00a0: (03) 87 24 84 99 \u2013 mail\u00a0: <a href=\"mailto:heymann.jean@k-net.fr\">heymann.jean@k-net.fr<\/a><\/strong><\/p>\n\n\n\n<ul><li>Domaine de l&#8217;Ecart LACROIX LOISIRS, route de Seuzey &nbsp;55 300 LACROIX SUR MEUSE,&nbsp; <a href=\"mailto:dreneri3@orange.fr\">dreneri3@orange.fr<\/a><\/li><\/ul>\n\n\n\n<ul><li>Pisciculture du Vaucheron, le Vaucheron, 55&nbsp;130 GONDRECOURT-LE-CHATEAU, <a href=\"mailto:pisciculturedufraisbaril@wanadoo.fr\">pisciculturedufraisbaril@wanadoo.fr<\/a><\/li><\/ul>\n\n\n\n<ul><li>Philippe REIN, 39 rue des p\u00eacheurs 68&nbsp;600 BISHEIM, <a href=\"mailto:rein-philippe@wanadoo.fr\">rein-philippe@wanadoo.fr<\/a> (1 analyse source, 1 analyse sortie bassins, 1 analyse 300 m\u00e8tres aval et 1 analyse amont)<\/li><\/ul>\n\n\n\n<ul><li>Pisciculture la Bellefontaine, Cyrille JEANSON, route de Marmesse 52\u00a0120 CHATEAUVILLAIN, <a href=\"mailto:jeanson.cyrille@orange.fr\">jeanson.cyrille@orange.fr<\/a><\/li><\/ul>\n\n\n\n<ul><li>Pisciculture de Bulgn\u00e9vaux, DIFALOR,\u00a0 33 rue du Senarmont 55300 SAINT-MIHIEL, Tel\u00a0: 07 69 31 28 65, mail\u00a0: <a href=\"mailto:henry.wilhelm@orange.fr\">henry.wilhelm@orange.fr<\/a><\/li><\/ul>\n\n\n\n<p><strong>Les adh\u00e9rents \u00e0 la charte Qualit\u00e9, Poisson Naturel D&#8217;\u00e9tang, Origine Grand Est sont:<\/strong><\/p>\n\n\n\n<ul><li>SCEA HEYMANN and Co, P\u00e2tural Torcheville 57 670 TORCHEVILLE, Tel: 06 58 32 82 44, pisciculture.heymann@orange.fr<\/li><\/ul>\n\n\n\n<p><\/p>\n\n\n\n<ul><li>EARL des \u00e9tangs THIEL, 14 bis rue de Verdun 54 150 LANTEFONTAINE,; Tel: 06 75 73 23 56, thiel.veronique@wanadoo.fr<\/li><\/ul>\n","protected":false},"excerpt":{"rendered":"<p>Les chartes Qualit\u00e9, Poissons et Poisson Naturel d&#8217;Etang garantissent un poisson de qualit\u00e9 au moins \u00e9lev\u00e9 10 mois dans la r\u00e9gion Grand Est dans des conditions de vie id\u00e9ale avec une qualit\u00e9 d&#8217;eau contr\u00f4l\u00e9e et un environnement sain et le plus naturel possible. Les adh\u00e9rents \u00e0 la Charte qualit\u00e9 Poissons, Origine Grand Est sont: Pisciculture [&hellip;]<\/p>\n","protected":false},"author":1,"featured_media":0,"parent":0,"menu_order":0,"comment_status":"closed","ping_status":"closed","template":"","meta":[],"_links":{"self":[{"href":"http:\/\/aquagrandest.fr\/index.php?rest_route=\/wp\/v2\/pages\/45"}],"collection":[{"href":"http:\/\/aquagrandest.fr\/index.php?rest_route=\/wp\/v2\/pages"}],"about":[{"href":"http:\/\/aquagrandest.fr\/index.php?rest_route=\/wp\/v2\/types\/page"}],"author":[{"embeddable":true,"href":"http:\/\/aquagrandest.fr\/index.php?rest_route=\/wp\/v2\/users\/1"}],"replies":[{"embeddable":true,"href":"http:\/\/aquagrandest.fr\/index.php?rest_route=%2Fwp%2Fv2%2Fcomments&post=45"}],"version-history":[{"count":1,"href":"http:\/\/aquagrandest.fr\/index.php?rest_route=\/wp\/v2\/pages\/45\/revisions"}],"predecessor-version":[{"id":48,"href":"http:\/\/aquagrandest.fr\/index.php?rest_route=\/wp\/v2\/pages\/45\/revisions\/48"}],"wp:attachment":[{"href":"http:\/\/aquagrandest.fr\/index.php?rest_route=%2Fwp%2Fv2%2Fmedia&parent=45"}],"curies":[{"name":"wp","href":"https:\/\/api.w.org\/{rel}","templated":true}]}}