{"id":19,"date":"2021-03-24T15:25:24","date_gmt":"2021-03-24T14:25:24","guid":{"rendered":"http:\/\/aquagrandest.fr\/?page_id=19"},"modified":"2025-10-10T09:06:25","modified_gmt":"2025-10-10T07:06:25","slug":"filiere-aquacole-du-grand-est","status":"publish","type":"page","link":"http:\/\/aquagrandest.fr\/","title":{"rendered":"Fili\u00e8re aquacole du Grand Est"},"content":{"rendered":"\n<p class=\"has-text-color\" style=\"color:#1500a3\">Le partenaire privil\u00e9gi\u00e9 de vos projets aquacoles&#8230;&#8230;<\/p>\n\n\n\n<div class=\"wp-block-group\"><div class=\"wp-block-group__inner-container\">\n<blockquote class=\"wp-block-quote has-text-align-center is-style-large\"><p><\/p><cite>La FAGE est une association \u00e0 but non lucratif qui  a pour mission de promouvoir la recherche, la valorisation et le d\u00e9veloppement de l\u2019aquaculture continentale sous toutes ses formes.<\/cite><\/blockquote>\n\n\n\n<p class=\"has-text-align-center\">Elle a \u00e9t\u00e9 cr\u00e9\u00e9e en 1991. Elle regroupe toute personne morale ou physique impliqu\u00e9e dans l\u2019activit\u00e9 aquacole (85 adh\u00e9rents directs et 200 adh\u00e9rents associatifs).<\/p>\n\n\n\n<div class=\"wp-block-image\"><figure class=\"aligncenter size-large is-resized\"><a href=\"http:\/\/aquagrandest.fr\/?page_id=45\"><img loading=\"lazy\" src=\"http:\/\/aquagrandest.fr\/wp-content\/uploads\/2022\/02\/logo-poissons-origine-grand-Est-1-1024x882.jpg\" alt=\"\" class=\"wp-image-49\" width=\"237\" height=\"204\" srcset=\"http:\/\/aquagrandest.fr\/wp-content\/uploads\/2022\/02\/logo-poissons-origine-grand-Est-1-1024x882.jpg 1024w, http:\/\/aquagrandest.fr\/wp-content\/uploads\/2022\/02\/logo-poissons-origine-grand-Est-1-300x259.jpg 300w, http:\/\/aquagrandest.fr\/wp-content\/uploads\/2022\/02\/logo-poissons-origine-grand-Est-1-768x662.jpg 768w, http:\/\/aquagrandest.fr\/wp-content\/uploads\/2022\/02\/logo-poissons-origine-grand-Est-1.jpg 1186w\" sizes=\"(max-width: 237px) 100vw, 237px\" \/><\/a><\/figure><\/div>\n\n\n\n<hr class=\"wp-block-separator is-style-dots\"\/>\n\n\n\n<figure class=\"wp-block-image size-large\"><a href=\"mailto: flacyj@wanadoo.fr\"><img loading=\"lazy\" width=\"1024\" height=\"768\" src=\"http:\/\/aquagrandest.fr\/wp-content\/uploads\/2021\/03\/IMG_0655-1024x768.jpg\" alt=\"\" class=\"wp-image-15\" srcset=\"http:\/\/aquagrandest.fr\/wp-content\/uploads\/2021\/03\/IMG_0655-1024x768.jpg 1024w, http:\/\/aquagrandest.fr\/wp-content\/uploads\/2021\/03\/IMG_0655-300x225.jpg 300w, http:\/\/aquagrandest.fr\/wp-content\/uploads\/2021\/03\/IMG_0655-768x576.jpg 768w, http:\/\/aquagrandest.fr\/wp-content\/uploads\/2021\/03\/IMG_0655-1536x1152.jpg 1536w, http:\/\/aquagrandest.fr\/wp-content\/uploads\/2021\/03\/IMG_0655-2048x1536.jpg 2048w, http:\/\/aquagrandest.fr\/wp-content\/uploads\/2021\/03\/IMG_0655-1200x900.jpg 1200w, http:\/\/aquagrandest.fr\/wp-content\/uploads\/2021\/03\/IMG_0655-1980x1485.jpg 1980w\" sizes=\"(max-width: 1024px) 100vw, 1024px\" \/><\/a><figcaption>Contact: Yannick JOUAN, le moulin neuf 54 620 BOISMONT, flacyj@wanadoo.fr<\/figcaption><\/figure>\n<\/div><\/div>\n\n\n\n<p>Organisme de formation enregistr\u00e9 sous le num\u00e9ro 415701143657 aupr\u00e8s du pr\u00e9fet de R\u00e9gion.<\/p>\n\n\n\n<p><strong><a href=\"https:\/\/aquagrandest.fr\/?page_id=128\">Les ouvrages disponibles<\/a><\/strong><\/p>\n\n\n\n<p><strong>Les formations 2025:<\/strong><\/p>\n\n\n\n<p><a href=\"https:\/\/aquagrandest.fr\/?page_id=17\">STAGE DE FORMATION QUALIFIANT POUR LE TRANSPORT DE POISSONS VIVANTS<\/a><\/p>\n\n\n\n<p><\/p>\n\n\n\n<p>Yannick JOUAN<\/p>\n\n\n\n<p>Conseiller Aquacole<\/p>\n\n\n\n<p>09 75 74 15 58- 06 08 86 35 02<\/p>\n\n\n\n<p><a href=\"mailto:flacyj@wanadoo.fr\" target=\"_blank\" rel=\"noreferrer noopener\">flacyj@wanadoo.fr<\/a> \u2013 <a href=\"http:\/\/www.aquagrandest.fr\/\">www.aquagrandest.fr<\/a><\/p>\n\n\n\n<p>FAGE-GDSAGE<\/p>\n\n\n\n<p>Fili\u00e8re Aquacole du Grand-Est- Groupement de D\u00e9fense Sanitaire Aquacole du Grand-Est<\/p>\n\n\n\n<p>Le moulin neuf- 54620 BOISMONT<\/p>\n\n\n\n<p>Si\u00e8ge Social&nbsp;: Domaine de Lindre 57&nbsp;260 LINDRE-BASSE<\/p>\n\n\n\n<figure class=\"wp-block-image size-large\"><img loading=\"lazy\" width=\"123\" height=\"72\" src=\"http:\/\/aquagrandest.fr\/wp-content\/uploads\/2022\/09\/Logo-Fage.jpg\" alt=\"\" class=\"wp-image-65\"\/><\/figure>\n\n\n\n<figure class=\"wp-block-image size-large\"><img loading=\"lazy\" width=\"192\" height=\"115\" src=\"http:\/\/aquagrandest.fr\/wp-content\/uploads\/2022\/09\/logo-GDSAGE.png\" alt=\"\" class=\"wp-image-66\"\/><\/figure>\n\n\n\n<figure class=\"wp-block-image size-large\"><img loading=\"lazy\" width=\"301\" height=\"131\" src=\"http:\/\/aquagrandest.fr\/wp-content\/uploads\/2022\/09\/logo-pisciculteurs-de-France.jpg\" alt=\"\" class=\"wp-image-68\"\/><\/figure>\n\n\n\n<figure class=\"wp-block-image size-large\"><img loading=\"lazy\" width=\"41\" height=\"18\" src=\"http:\/\/aquagrandest.fr\/wp-content\/uploads\/2022\/09\/logo-facebook.png\" alt=\"\" class=\"wp-image-69\"\/><\/figure>\n\n\n\n<p><a href=\"https:\/\/pisciculteurs-de-france.fr\/\" target=\"_blank\" rel=\"noreferrer noopener\"><\/a><\/p>\n\n\n\n<p>Suivez les Pisciculteurs de France&nbsp;sur les r\u00e9seaux&nbsp;: &nbsp;<\/p>\n\n\n\n<figure class=\"wp-block-embed-wordpress wp-block-embed is-type-wp-embed is-provider-federation-francaise-d-039-aquaculture\"><div class=\"wp-block-embed__wrapper\">\n<blockquote class=\"wp-embedded-content\" data-secret=\"kkgmLaUeH7\"><a href=\"https:\/\/federation-aquaculture.fr\/\">Accueil<\/a><\/blockquote><iframe class=\"wp-embedded-content\" sandbox=\"allow-scripts\" security=\"restricted\" style=\"position: absolute; clip: rect(1px, 1px, 1px, 1px);\" title=\"\u00ab\u00a0Accueil\u00a0\u00bb &#8212; F\u00e9d\u00e9ration Fran\u00e7aise d&#039;Aquaculture\" src=\"https:\/\/federation-aquaculture.fr\/embed\/#?secret=fQmkhjfGt7#?secret=kkgmLaUeH7\" data-secret=\"kkgmLaUeH7\" width=\"580\" height=\"327\" frameborder=\"0\" marginwidth=\"0\" marginheight=\"0\" scrolling=\"no\"><\/iframe>\n<\/div><\/figure>\n\n\n\n<p><a href=\"https:\/\/www.pisciculteurs-de-france.fr\/\">https:\/\/www.pisciculteurs-de-france.fr\/<\/a><\/p>\n\n\n\n<figure class=\"wp-block-embed-wordpress wp-block-embed is-type-wp-embed is-provider-federation-francaise-d-039-aquaculture\"><div class=\"wp-block-embed__wrapper\">\n<blockquote class=\"wp-embedded-content\" data-secret=\"kkgmLaUeH7\"><a href=\"https:\/\/federation-aquaculture.fr\/\">Accueil<\/a><\/blockquote><iframe class=\"wp-embedded-content\" sandbox=\"allow-scripts\" security=\"restricted\" style=\"position: absolute; clip: rect(1px, 1px, 1px, 1px);\" title=\"\u00ab\u00a0Accueil\u00a0\u00bb &#8212; F\u00e9d\u00e9ration Fran\u00e7aise d&#039;Aquaculture\" src=\"https:\/\/federation-aquaculture.fr\/embed\/#?secret=fQmkhjfGt7#?secret=kkgmLaUeH7\" data-secret=\"kkgmLaUeH7\" width=\"580\" height=\"327\" frameborder=\"0\" marginwidth=\"0\" marginheight=\"0\" scrolling=\"no\"><\/iframe>\n<\/div><\/figure>\n\n\n\n<p><a href=\"https:\/\/www.pisciculteurs-de-france.fr\/\">https:\/\/www.pisciculteurs-de-france.fr\/<\/a><\/p>\n","protected":false},"excerpt":{"rendered":"<p>Le partenaire privil\u00e9gi\u00e9 de vos projets aquacoles&#8230;&#8230; Organisme de formation enregistr\u00e9 sous le num\u00e9ro 415701143657 aupr\u00e8s du pr\u00e9fet de R\u00e9gion. Les ouvrages disponibles Les formations 2025: STAGE DE FORMATION QUALIFIANT POUR LE TRANSPORT DE POISSONS VIVANTS Yannick JOUAN Conseiller Aquacole 09 75 74 15 58- 06 08 86 35 02 flacyj@wanadoo.fr \u2013 www.aquagrandest.fr FAGE-GDSAGE Fili\u00e8re [&hellip;]<\/p>\n","protected":false},"author":1,"featured_media":6,"parent":0,"menu_order":0,"comment_status":"closed","ping_status":"closed","template":"","meta":[],"_links":{"self":[{"href":"http:\/\/aquagrandest.fr\/index.php?rest_route=\/wp\/v2\/pages\/19"}],"collection":[{"href":"http:\/\/aquagrandest.fr\/index.php?rest_route=\/wp\/v2\/pages"}],"about":[{"href":"http:\/\/aquagrandest.fr\/index.php?rest_route=\/wp\/v2\/types\/page"}],"author":[{"embeddable":true,"href":"http:\/\/aquagrandest.fr\/index.php?rest_route=\/wp\/v2\/users\/1"}],"replies":[{"embeddable":true,"href":"http:\/\/aquagrandest.fr\/index.php?rest_route=%2Fwp%2Fv2%2Fcomments&post=19"}],"version-history":[{"count":16,"href":"http:\/\/aquagrandest.fr\/index.php?rest_route=\/wp\/v2\/pages\/19\/revisions"}],"predecessor-version":[{"id":139,"href":"http:\/\/aquagrandest.fr\/index.php?rest_route=\/wp\/v2\/pages\/19\/revisions\/139"}],"wp:featuredmedia":[{"embeddable":true,"href":"http:\/\/aquagrandest.fr\/index.php?rest_route=\/wp\/v2\/media\/6"}],"wp:attachment":[{"href":"http:\/\/aquagrandest.fr\/index.php?rest_route=%2Fwp%2Fv2%2Fmedia&parent=19"}],"curies":[{"name":"wp","href":"https:\/\/api.w.org\/{rel}","templated":true}]}}