{"id":17,"date":"2021-03-24T15:21:20","date_gmt":"2021-03-24T14:21:20","guid":{"rendered":"http:\/\/aquagrandest.fr\/?page_id=17"},"modified":"2026-01-09T12:10:30","modified_gmt":"2026-01-09T11:10:30","slug":"formation-au-transport-de-poissons-vivant","status":"publish","type":"page","link":"http:\/\/aquagrandest.fr\/?page_id=17","title":{"rendered":"Formation au transport de poissons vivants"},"content":{"rendered":"\n<figure class=\"wp-block-gallery aligncenter columns-0 is-cropped\"><ul class=\"blocks-gallery-grid\"><\/ul><\/figure>\n\n\n\n<p><strong>FORMATION DISPENSEE AUX CONVOYEURS<\/strong><\/p>\n\n\n\n<p><strong>D\u2019ANIMAUX VIVANTS POISSONS<\/strong> <\/p>\n\n\n\n<p><strong>Date<\/strong>: Mercredi 10 Juin 2026<\/p>\n\n\n\n<p><strong>Lieux:<\/strong> Domaine de Lindre, 67 rue principale 57 260 LINDRE-BASSE<\/p>\n\n\n\n<p><\/p>\n\n\n\n<p>Je d\u00e9sire  faire le Stage de Formation Professionnelle<\/p>\n\n\n\n<p>\u00ab&nbsp;TRANSPORT D\u2019ANIMAUX VIVANTS POISSONS\u00bb organis\u00e9 par la FAGE,<\/p>\n\n\n\n<p>de la (des) personne(s) suivante(s), pr\u00e9cisez nom, pr\u00e9nom, la date et lieu de naissance :<\/p>\n\n\n\n<p>&#8230;&#8230;&#8230;&#8230;&#8230;&#8230;&#8230;&#8230;&#8230;&#8230;&#8230;&#8230;&#8230;&#8230;&#8230;&#8230;\u2026\u2026\u2026\u2026\u2026\u2026\u2026\u2026\u2026\u2026\u2026\u2026\u2026\u2026\u2026\u2026\u2026\u2026<\/p>\n\n\n\n<p>&#8230;&#8230;&#8230;&#8230;&#8230;&#8230;&#8230;&#8230;&#8230;&#8230;&#8230;&#8230;&#8230;&#8230;&#8230;&#8230;\u2026\u2026\u2026\u2026\u2026\u2026\u2026\u2026\u2026\u2026\u2026\u2026\u2026\u2026\u2026\u2026\u2026\u2026<\/p>\n\n\n\n<p>&#8230;&#8230;&#8230;&#8230;&#8230;&#8230;&#8230;&#8230;&#8230;&#8230;&#8230;&#8230;&#8230;&#8230;&#8230;&#8230;\u2026\u2026\u2026\u2026\u2026\u2026\u2026\u2026\u2026\u2026\u2026\u2026\u2026\u2026\u2026\u2026\u2026\u2026<\/p>\n\n\n\n<p>&#8230;&#8230;&#8230;&#8230;&#8230;&#8230;&#8230;&#8230;&#8230;&#8230;&#8230;&#8230;&#8230;&#8230;&#8230;&#8230;\u2026\u2026\u2026\u2026\u2026\u2026\u2026\u2026\u2026\u2026\u2026\u2026\u2026\u2026\u2026\u2026\u2026\u2026<\/p>\n\n\n\n<p>Organisme&nbsp;ou entreprise :&nbsp;\u2026\u2026\u2026\u2026\u2026\u2026\u2026\u2026\u2026\u2026\u2026\u2026\u2026\u2026\u2026\u2026\u2026\u2026\u2026\u2026\u2026..<\/p>\n\n\n\n<p>Adresse&nbsp;: \u2026\u2026\u2026\u2026\u2026\u2026\u2026\u2026\u2026\u2026\u2026\u2026\u2026\u2026\u2026\u2026..<\/p>\n\n\n\n<p>Tel&nbsp;: \u2026\u2026\u2026\u2026\u2026\u2026\u2026\u2026\u2026\u2026.. E-mail&nbsp;:\u2026\u2026\u2026\u2026\u2026\u2026\u2026\u2026\u2026.<\/p>\n\n\n\n<p><strong>7 heures de formation (9H-12H- 13H30-17H30)<\/strong><\/p>\n\n\n\n<p><strong>650 \u20ac TTC*\/stagiaire pour le stage complet pour 7 heures de formation<\/strong><\/p>\n\n\n\n<p>Pr\u00e9requis: pas de pr\u00e9requis n\u00e9cessaires, ouvert \u00e0 tous.<\/p>\n\n\n\n<p>Validation de la cession de formation d\u00e8s 5 inscrits.<\/p>\n\n\n\n<p>Formation en pr\u00e9sentielle limit\u00e9 \u00e0 15 stagiares.<\/p>\n\n\n\n<p>(<em>*Prestation de formation professionnelle non assujettie \u00e0 la TVA<strong>, les frais de repas et d\u2019h\u00e9bergement restent \u00e0 la charge du demandeur<\/strong>)<\/em><strong>, Financement possible par les fonds de formation, renseignez-vous. Vous aurez peut-\u00eatre besoin de&nbsp;(merci de pr\u00e9ciser) :<\/strong><\/p>\n\n\n\n<p><strong>\u220f un devis de formation<\/strong><\/p>\n\n\n\n<p><strong>\u220f je suis chef d\u2019exploitation, mon num\u00e9ro d\u2019exploitant&nbsp;:\u2026\u2026\u2026\u2026\u2026\u2026\u2026\u2026\u2026\u2026..<\/strong><\/p>\n\n\n\n<p><strong>Une convention de formation<\/strong> <strong>vous sera transmise.<\/strong><\/p>\n\n\n\n<p><strong><u>H\u00e9bergement possible (H\u00f4tels et chambres d\u2019h\u00f4tes les plus proches):<\/u><\/strong><\/p>\n\n\n\n<ul><li>Chambre d\u2019h\u00f4tes chez Dominique BROQUARD 2 r de la Seille 57260 LINDRE BASSE Tel&nbsp;: 03 87 86 02 10<\/li><li>Chambres d\u2019h\u00f4tes chez Yvette REMY, route de Gueblange, 57&nbsp;260. GELUCOURT Tel&nbsp;: 03 55 14 55 74<\/li><li>H\u00f4tel au Soleil 20&nbsp;r Berthelming 57930&nbsp;MITTERSHEIM Tel&nbsp;: <strong>03 87 07 67 21<\/strong>&nbsp;&nbsp;&nbsp;&nbsp;&nbsp;&nbsp;&nbsp;&nbsp; (\u00e0 \u00bc d\u2019heure)<\/li><\/ul>\n\n\n\n<p><strong>Je joins \u00e0 ce titre le r\u00e8glement par ch\u00e8que \u00e0 l\u2019ordre de la FAGE de 650 \u20ac * \u2026 stagiaire(s), une facture acquitt\u00e9e vous sera remise lors du stage.<\/strong><\/p>\n\n\n\n<p>Signature et cachet.<\/p>\n\n\n\n<p><strong>A adresser avant le 1 mai 2026 \u00e0\u00a0 \u00ab\u00a0<em>Fili\u00e8re Lorraine d\u2019Aquaculture Continentale \u2013 14 rue de Provence 55400 ETAIN<\/em><\/strong>&#8211; Merci de nous contacter pour un paiement par virement (Yannick JOUAN: flacyj@wanadoo.fr ou 06 08 86 35 02)<\/p>\n\n\n\n<h1><\/h1>\n\n\n\n<p><strong> Organisme de formation enregistr\u00e9 sous le num\u00e9ro 41570143657 aupr\u00e8s du pr\u00e9fet de R\u00e9gion Lorraine.<\/strong><\/p>\n\n\n\n<p><strong>Avis favorable d\u2019organisme de formation du 15 juillet 2022 pour le transport des poissons vivants.<\/strong><\/p>\n\n\n\n<h1>&nbsp;&nbsp;&nbsp;&#8211; &#8211; &#8211; &#8211; &#8211; &#8211; &#8211; &#8211;  &nbsp;&nbsp;&nbsp;&nbsp;&nbsp;&nbsp;&nbsp;&nbsp;&nbsp;&nbsp;&nbsp;&nbsp;&nbsp;&nbsp;&nbsp;&nbsp;&nbsp;&nbsp;&nbsp;&nbsp;&nbsp;&nbsp;&nbsp;&nbsp;&nbsp;&nbsp;&nbsp;&nbsp;&nbsp;&nbsp;&nbsp;&nbsp;&nbsp;&nbsp;&nbsp;&nbsp;&nbsp;<\/h1>\n\n\n\n<p><strong><span class=\"has-inline-color has-primary-color\">Note de satisfaction dernier stage du 6 octobre 2025: 4,<\/span>89<span class=\"has-inline-color has-primary-color\">\/5<\/span><\/strong>, taux de r\u00e9ussite ant\u00e9rieure: 100%<\/p>\n\n\n\n<p>La formation est accessible aux personnes \u00e0 mobilit\u00e9 r\u00e9duite (acc\u00e8s \u00e0 la salle p\u00e9dagogique de plein pied).<\/p>\n\n\n\n<p><strong>R\u00e9f\u00e9rent handicap:<\/strong> Yannick JOUAN, flacyj@wanadoo.fr, pour toute question merci de lui transmettre par mail.<\/p>\n\n\n\n<p><strong>Programme de formation:<\/strong><\/p>\n\n\n\n<p>FORMATION: Transport de poissons vivants<\/p>\n\n\n\n<p>Module ou mati\u00e8re&nbsp;:<em> <strong>Bien-\u00eatre et sant\u00e9 animale<\/strong><\/em><\/p>\n\n\n\n<p><em>Volume horaire total: 7 &nbsp;heures &nbsp;&nbsp;&nbsp;&nbsp;&nbsp;&nbsp;&nbsp;&nbsp;&nbsp;&nbsp;&nbsp;&nbsp;&nbsp;&nbsp;&nbsp;&nbsp;&nbsp;&nbsp;&nbsp; &nbsp;&nbsp;&nbsp;&nbsp;&nbsp;&nbsp;&nbsp;&nbsp;&nbsp;&nbsp;&nbsp;&nbsp;&nbsp;&nbsp;&nbsp;&nbsp;&nbsp;&nbsp;&nbsp;&nbsp;&nbsp;&nbsp;&nbsp;&nbsp;&nbsp;&nbsp;&nbsp;&nbsp;&nbsp;&nbsp;&nbsp;&nbsp;&nbsp;&nbsp;&nbsp;<\/em><\/p>\n\n\n\n<figure class=\"wp-block-table is-style-regular\"><table><tbody><tr><td><sub><strong>OBJECTIF GENERAL:<\/strong> <strong>&nbsp;<\/strong> <strong>ETRE CAPABLE DE TRANSPORTER DES POISSONS DANS DES CONDITIONS D\u2019HYGIENE ET DE SECURITE ASSURANT LE BIEN-ETRE DES ANIMAUX<\/strong> <strong><br><\/strong><\/sub><strong><br><\/strong> <strong>&nbsp;<\/strong><\/td><td><strong>Sous &#8211; Objectifs:<br><\/strong>1- Amener les form\u00e9s \u00e0 appr\u00e9hender la r\u00e9glementation relative au transport d\u2019animaux vivants <br>2- Rendre les form\u00e9s capable de conna\u00eetre, comprendre et pr\u00e9parer les documents d\u2019accompagnement sanitaire li\u00e9s au transport et conna\u00eetre les r\u00e8gles de nettoyage et de d\u00e9sinfection des v\u00e9hicules de transport de poissons vivants <br>3- Permettre d\u2019appr\u00e9hender la n\u00e9cessit\u00e9 d\u2019appliquer des m\u00e9thodes de transport de poissons vivants assurant un bien \u00eatre optimal des animaux par la connaissance des incidences du transport sur l\u2019animal&nbsp;: physiologie, comportement, stress, bien-\u00eatre <br>4- Amener les form\u00e9s \u00e0 identifier les sources et vecteurs potentiels de mauvaise hygi\u00e8ne et mal-\u00eatre du poisson, ainsi que les signes de manifestation de tout d\u00e9sordre physiologique et expliquer le comportement \u00e0 adopter <br>5- Citer et expliquer, faire pratiquer les proc\u00e9dures \u00e0 mettre en place en cas de probl\u00e8me <br>6- Citer et expliquer, faire pratiquer les r\u00e8gles sp\u00e9cifiques de comportements et m\u00e9thode de travail en cours de chargement et d\u00e9chargement ainsi que les r\u00e8gles de conduite du v\u00e9hicule charg\u00e9 d\u2019eau <br>7- Synth\u00e9tiser les donn\u00e9es acquises et \u00e9valuer le degr\u00e9 de compr\u00e9hension et de connaissance acquis lors de la formation <strong>&nbsp;<\/strong> <strong>&nbsp;<\/strong> <strong>&nbsp;<\/strong> <strong>&nbsp;<\/strong> <strong>&nbsp;<\/strong> <strong>&nbsp;<\/strong> <strong>&nbsp;<\/strong> <strong>&nbsp;<\/strong> <strong>&nbsp;<\/strong> <strong>&nbsp;<\/strong> <strong>&nbsp;<\/strong> <strong>&nbsp;<\/strong> <strong>&nbsp;<\/strong> <strong>&nbsp;<\/strong> <strong>&nbsp;<\/strong> <strong>&nbsp;<\/strong> <strong>&nbsp;<\/strong><\/td><\/tr><\/tbody><\/table><figcaption><br><br><br><em>Volume<\/em> <em>horaire<\/em><br><em>Objectifs op\u00e9rationnels<\/em><br><em>Contenus g\u00e9n\u00e9raux<\/em><br><br><br>1<strong><em>H00<\/em><\/strong><br>1- Amener les form\u00e9s \u00e0 appr\u00e9hender la r\u00e9glementation relative au transport d\u2019animaux<br>vivants <br><br>Pourquoi le bien-\u00eatre des animaux pendant le transport&nbsp;:<br>&#8211;&nbsp;&nbsp;&nbsp;&nbsp;&nbsp;&nbsp;&nbsp;&nbsp;&nbsp;Historique de la notion du bien-\u00eatre chez les animaux<br>&#8211;&nbsp;&nbsp;&nbsp;&nbsp;&nbsp;&nbsp;&nbsp;&nbsp;&nbsp;pr\u00e9sentation du cadre r\u00e9glementaire\/ Art 9 de la loi 76-629 du 10\/06\/76&nbsp;:<br>\u00b7&nbsp;&nbsp;&nbsp;&nbsp;&nbsp;&nbsp;&nbsp;&nbsp; notion juridique de l\u2019animal comme \u00eatre sensible<br>\u00b7&nbsp;&nbsp;&nbsp;&nbsp;&nbsp;&nbsp;&nbsp;&nbsp; protection des animaux contre les mauvais traitements<br>\u00b7&nbsp;&nbsp;&nbsp;&nbsp;&nbsp;&nbsp;&nbsp;&nbsp; responsabilit\u00e9 du convoyeur<br>\u00b7&nbsp;&nbsp;&nbsp;&nbsp;&nbsp;&nbsp;&nbsp;&nbsp; aptitude des animaux au voyage<br>\u00b7&nbsp;&nbsp;&nbsp;&nbsp;&nbsp;&nbsp;&nbsp;&nbsp; densit\u00e9 de chargement&nbsp;: respect de la r\u00e9glementation en vigueur par cat\u00e9gories d\u2019animaux<br>\u00b7&nbsp;&nbsp;&nbsp;&nbsp;&nbsp;&nbsp;&nbsp;&nbsp; organisation des voyages sup\u00e9rieurs \u00e0 huit heures<br>&nbsp;<br><br><br><strong><em>1H00<\/em><\/strong><br>2- Rendre les form\u00e9s capable de conna\u00eetre, comprendre et pr\u00e9parer les documents<br>d\u2019accompagnement sanitaire li\u00e9s au transport et conna\u00eetre les r\u00e8gles de nettoyage et de<br>d\u00e9sinfection des v\u00e9hicules de transport de poissons vivants<br>&nbsp;<br>Le cadre r\u00e9glementaire sp\u00e9cifique \u00e0 la sant\u00e9 animale&nbsp;:<br>\u00b7&nbsp;&nbsp;&nbsp;&nbsp;&nbsp;&nbsp;&nbsp;&nbsp; notion de qualification des cheptels, certification sanitaire, identification des animaux<br>\u00b7&nbsp;&nbsp;&nbsp;&nbsp;&nbsp;&nbsp;&nbsp;&nbsp; pr\u00e9sentation des r\u00e8gles de nettoyage et d\u00e9sinfection des v\u00e9hicules de transport d\u2019animaux vivants<br><br><br>1H00<br>3- Permettre d\u2019appr\u00e9hender la n\u00e9cessit\u00e9 d\u2019appliquer des m\u00e9thodes de transport de<br>poissons vivants assurant un bien \u00eatre optimal des animaux par la connaissance<br>des incidences du transport sur l\u2019animal&nbsp;: physiologie, comportement, stress, bien-\u00eatre<br>&nbsp;<br>Qu\u2019est-ce qu\u2019un poisson&nbsp;:<br>&#8211;&nbsp;&nbsp;&nbsp;&nbsp;&nbsp;&nbsp;&nbsp;&nbsp;&nbsp; respiration branchiale<br>&#8211;&nbsp;&nbsp;&nbsp;&nbsp;&nbsp;&nbsp;&nbsp;&nbsp;&nbsp; animal \u00e0 sang froid<br>&#8211;&nbsp;&nbsp;&nbsp;&nbsp;&nbsp;&nbsp;&nbsp;&nbsp;&nbsp; syst\u00e8me nerveux primitif<br>&#8211;&nbsp;&nbsp;&nbsp;&nbsp;&nbsp;&nbsp;&nbsp;&nbsp;&nbsp; osmose permanente avec le milieu<br>&#8211;&nbsp;&nbsp;&nbsp;&nbsp;&nbsp;&nbsp;&nbsp;&nbsp;&nbsp; comportement gr\u00e9gaire ou solitaire suivant les esp\u00e8ces<br>L\u2019influence des conditions de transport sur le comportement et les activit\u00e9s physiologiques du poisson&nbsp;:<br>&#8211;&nbsp;&nbsp;&nbsp;&nbsp;&nbsp;&nbsp;&nbsp;&nbsp;&nbsp; atteinte \u00e0 l\u2019int\u00e9grit\u00e9 physique<br>&#8211;&nbsp;&nbsp;&nbsp;&nbsp;&nbsp;&nbsp;&nbsp;&nbsp;&nbsp; inhibition des comportements normaux<br>&#8211;&nbsp;&nbsp;&nbsp;&nbsp;&nbsp;&nbsp;&nbsp;&nbsp;&nbsp; souffrance, peur, anxi\u00e9t\u00e9, mal-\u00eatre, notions et signes de \u00ab&nbsp;stress&nbsp;\u00bb<br>&#8211;&nbsp;&nbsp;&nbsp;&nbsp;&nbsp;&nbsp;&nbsp;&nbsp;&nbsp; incidences sur la sant\u00e9 et la pathologie<br>&#8211;&nbsp;&nbsp;&nbsp;&nbsp;&nbsp;&nbsp;&nbsp;&nbsp;&nbsp; impact sur la qualit\u00e9 de la chair<br><strong><em>&nbsp;<\/em><\/strong><br><strong><em>&nbsp;<\/em><\/strong><br><strong><em>1H00<\/em><\/strong><br>4- Amener les form\u00e9s \u00e0 identifier les sources et vecteurs potentiels de mauvaise hygi\u00e8ne et mal-\u00eatre du poisson, ainsi que les signes de manifestation de tout d\u00e9sordre physiologique et expliquer le comportement \u00e0 adopter<br>&nbsp;<br>&nbsp;<br>Les signes cliniques de maladies ou de mal-\u00eatre du poisson&nbsp;:<br>&#8211;&nbsp;&nbsp;&nbsp;&nbsp;&nbsp;&nbsp;&nbsp;&nbsp;&nbsp; identification de ses signes<br>&#8211;&nbsp;&nbsp;&nbsp;&nbsp;&nbsp;&nbsp;&nbsp;&nbsp;&nbsp; technique de recherche des causes<br>&#8211;&nbsp;&nbsp;&nbsp;&nbsp;&nbsp;&nbsp;&nbsp;&nbsp;&nbsp; liens de cause \u00e0 effet, moyens de contr\u00f4le<br>&#8211;&nbsp;&nbsp;&nbsp;&nbsp;&nbsp;&nbsp;&nbsp;&nbsp;&nbsp; influence du comportement du chauffeur&nbsp;:<br>\u00b7&nbsp;&nbsp;&nbsp;&nbsp;&nbsp;&nbsp;&nbsp;&nbsp; sensibilisation au transport d\u2019\u00eatres vivants<br>\u00b7&nbsp;&nbsp;&nbsp;&nbsp;&nbsp;&nbsp;&nbsp;&nbsp; conduite du v\u00e9hicule<br>\u00b7&nbsp;&nbsp;&nbsp;&nbsp;&nbsp;&nbsp;&nbsp;&nbsp; relations homme-animaux<br>\u00b7&nbsp;&nbsp;&nbsp;&nbsp;&nbsp;&nbsp;&nbsp;&nbsp; comportement avec les animaux<br>\u00b7&nbsp;&nbsp;&nbsp;&nbsp;&nbsp;&nbsp;&nbsp;&nbsp; placement des animaux<br>\u00b7&nbsp;&nbsp;&nbsp;&nbsp;&nbsp;&nbsp;&nbsp;&nbsp; soins appropri\u00e9s aux animaux<br>\u00b7&nbsp;&nbsp;&nbsp;&nbsp;&nbsp;&nbsp;&nbsp;&nbsp; am\u00e9nagement du v\u00e9hicule et respect des conditions su bien-\u00eatre animal<br><strong><em>&nbsp;<\/em><\/strong><br><strong><em>1H00<\/em><\/strong><br>5- Citer et expliquer, faire pratiquer les proc\u00e9dures \u00e0 mettre en place en cas de probl\u00e8me<br>&nbsp;<br>Appr\u00e9ciation de la gravit\u00e9 du probl\u00e8me&nbsp;:<br>&#8211;&nbsp;&nbsp;&nbsp;&nbsp;&nbsp;&nbsp;&nbsp;&nbsp;&nbsp; type de probl\u00e8me&nbsp;: technique, sanitaire, physiologique, qualit\u00e9 de l\u2019eau<br>&#8211;&nbsp;&nbsp;&nbsp;&nbsp;&nbsp;&nbsp;&nbsp;&nbsp;&nbsp; nombre d\u2019animaux atteints, \u00e9tat de sant\u00e9<br>Mise en place d\u2019une proc\u00e9dure \u00e9crite d\u2019appel d\u2019urgence des personnes comp\u00e9tentes<br>Mesure d\u2019isolement des cuves de transport \u00e0 probl\u00e8me, bouteille d\u2019oxyg\u00e9nation de secourt<br>&nbsp;<br>&nbsp;<br><strong><em>1H00<\/em><\/strong><br>6- Citer et expliquer, faire pratiquer les r\u00e8gles sp\u00e9cifiques de comportements et m\u00e9thode de travail en cours de chargement et d\u00e9chargement ainsi que les r\u00e8gles de conduite du v\u00e9hicule charg\u00e9 d\u2019eau<br>Organisation du chantier et installation dans le camion&nbsp;:<br>&#8211;&nbsp;&nbsp;&nbsp;&nbsp;&nbsp;&nbsp;&nbsp;&nbsp;&nbsp; Approche et contention des animaux<br>&#8211;&nbsp;&nbsp;&nbsp;&nbsp;&nbsp;&nbsp;&nbsp;&nbsp;&nbsp; Pr\u00e9paration des d\u00e9placements et embarquements<br>&#8211;&nbsp;&nbsp;&nbsp;&nbsp;&nbsp;&nbsp;&nbsp;&nbsp;&nbsp; Manipulation et risques<br>&#8211;&nbsp;&nbsp;&nbsp;&nbsp;&nbsp;&nbsp;&nbsp;&nbsp;&nbsp; Hygi\u00e8ne et s\u00e9curit\u00e9 physique du convoyeur, ergonomie<br>&#8211;&nbsp;&nbsp;&nbsp;&nbsp;&nbsp;&nbsp;&nbsp;&nbsp;&nbsp; Optimisation des installations&nbsp;: am\u00e9nagement des cuves et syst\u00e8me de fixation, du syst\u00e8me de chargement et d\u00e9chargement, \u00e9tanch\u00e9it\u00e9<br>&#8211;&nbsp;&nbsp;&nbsp;&nbsp;&nbsp;&nbsp;&nbsp;&nbsp;&nbsp; Utilisation de produits anti-stress (anesth\u00e9siant, sel..)<br>R\u00e8gle de base pour la conduite d\u2019un camion charg\u00e9 d\u2019eau<br><br><strong><em>1H00<\/em><\/strong><br>7- Synth\u00e9tiser les donn\u00e9es acquises et \u00e9valuer le degr\u00e9 de compr\u00e9hension et de connaissance acquis lors de la formation<br>&nbsp;<br>Revoir les grandes lignes de la formation en mettant l\u2019accent sur les points critiques.<br>Contr\u00f4ler l\u2019acquisition des connaissances et le niveau de compr\u00e9hension<\/figcaption><\/figure>\n\n\n\n<p><strong>Conditions g\u00e9n\u00e9rales de vente pour les formations<\/strong><\/p>\n\n\n\n<p><strong><u>Article&nbsp;1&nbsp;:<\/u><\/strong><\/p>\n\n\n\n<p>Le co\u00fbt du stage de 650 \u20ac par stagiaire plus d\u2019\u00e9ventuels frais de d\u00e9placement et d\u2019h\u00e9bergement des formateurs*, un devis est transmis \u00e0 l\u2019entreprise pour bon pour accord au moins 8 jours avant le d\u00e9but du stage. La somme totale sur devis ou bulletin d\u2019inscription est demand\u00e9e \u00e0 la signature de la commande. Une facture acquitt\u00e9e \u00e9mise par la FAGE, sera remise en d\u00e9but de stage.<\/p>\n\n\n\n<p>Les co\u00fbt de restauration et d\u2019h\u00e9bergement du stagiaires reste \u00e0 la charge de celui-ci ou de l\u2019entreprise.<\/p>\n\n\n\n<p><em>* Prestation de formation exon\u00e9r\u00e9e de TVA<\/em><\/p>\n\n\n\n<p>Une date de formation est programm\u00e9e dans les 3 mois d\u00e8s 5 demandes de stage. La formation se d\u00e9roule soit au Domaine de Lindre 57260 LINDRE-BASSE soit dans l&#8217;entreprise demandeuse.<\/p>\n\n\n\n<p><strong><u>ARTICLE 2&nbsp;:<\/u><\/strong><\/p>\n\n\n\n<p>Le sujet du stage est <strong>\u00ab<\/strong>&nbsp;<strong>FORMATION DISPENSEE AUX CONVOYEURS DE POISSONS VIVANTS&nbsp;\u00bb<\/strong>. Le programme du stage a \u00e9t\u00e9 d\u00e9fini pr\u00e9alablement et envoy\u00e9 \u00e0 l\u2019entreprise qui se charge de le transmettre \u00e0 chaque stagiaire.<\/p>\n\n\n\n<p><strong><u>ARTICLE 3&nbsp;:<\/u><\/strong><\/p>\n\n\n\n<p>Ce stage de formation ne s\u2019inclus dans aucun cycle de formation mais est qualifiante pour le travail de convoyeur d\u2019animaux vivants aquacoles afin d&#8217;obtenir l&#8217;autorisation de transport.<\/p>\n\n\n\n<p>Le stagiaire prend part au stage et se contraint aux horaires de pr\u00e9sence lors de celui-ci.<\/p>\n\n\n\n<p>Une attestation de stage sera fournie au stagiaire \u00e0 la fin du stage, copie \u00e0 son employeur.<\/p>\n\n\n\n<p><strong>La validation du stage sera d\u00e9livr\u00e9e suivant les conditions suivantes&nbsp;:<\/strong><\/p>\n\n\n\n<ul><li><strong>pr\u00e9sence pendant toute la dur\u00e9e du stage.<\/strong><\/li><\/ul>\n\n\n\n<p><strong>La lettre de validation (ou de non-validation) sera transmise au stagiaire, copie \u00e0 l\u2019employeur dans les 15 jours maximum suivants le stage.<\/strong><\/p>\n\n\n\n<p><strong><u>ARTICLE 4&nbsp;:<\/u><\/strong><\/p>\n\n\n\n<p>Dans le cas d\u2019un nombre de stagiaire insuffisant, la FAGE se r\u00e9serve le droit d\u2019annul\u00e9 le stage, dans ce cas le paiement est rembours\u00e9 dans les 15 jours suivant l\u2019annulation.<\/p>\n\n\n\n<p><strong>R\u00e8glement int\u00e9rieur pour les formations<\/strong><\/p>\n\n\n\n<p><strong><strong>ARTICLE 1&nbsp;:<\/strong><\/strong><\/p>\n\n\n\n<p>Le stagiaire devra lors de la dur\u00e9e du stage b\u00e9n\u00e9ficier d\u2019une couverture sociale qui n\u2019est pas assur\u00e9e par la FAGE. Dans le cas o\u00f9 le stagiaire serait victime d\u2019un accident ou maladie pendant la dur\u00e9e de son stage, quel que soit cet accident, le stagiaire ne sera pas couvert par la FAGE, mais uniquement par sa propre s\u00e9curit\u00e9 sociale ou celle de son employeur.<\/p>\n\n\n\n<p>La FAGE poss\u00e8de une assurance responsabilit\u00e9&nbsp;civile (contrat n\u00b0 35774041218087) pour tout dommage encouru par le stagiaire lors du stage dont la responsabilit\u00e9 directe de la FAGE est d\u00e9montr\u00e9e.<\/p>\n\n\n\n<p><strong><u>ARTICLE 2&nbsp;:<\/u><\/strong><\/p>\n\n\n\n<p>La FAGE garantit par sa propre responsabilit\u00e9 civile \u00e0 l\u2019\u00e9gard des tiers les d\u00e9g\u00e2ts \u00e9ventuels du fait des activit\u00e9s du stagiaire ayant un rapport direct avec le sujet du stage. A ce titre le stagiaire devient membre de l\u2019association FAGE pendant la dur\u00e9e du stage.<\/p>\n\n\n\n<p><strong><u>ARTICLE 3&nbsp;:<\/u><\/strong><\/p>\n\n\n\n<p>Le stagiaire est soumis pendant la dur\u00e9e du stage aux directives du formateur, Yannick JOUAN, Conseiller aquacole permanent de la FAGE. En cas de manquement \u00e0 la discipline de l\u2019organisme, la commission exp\u00e9rimentation de la FAGE se r\u00e9serve le droit de mettre fin au stage.<\/p>\n\n\n\n<p><strong><u>ARTICLE 4&nbsp;:<\/u><\/strong><\/p>\n\n\n\n<p>Au cours du stage, le stagiaire ne pourra pr\u00e9tendre \u00e0 aucune r\u00e9mun\u00e9ration de la part de la FAGE.<\/p>\n\n\n\n<figure class=\"wp-block-gallery columns-1 is-cropped\"><ul class=\"blocks-gallery-grid\"><li class=\"blocks-gallery-item\"><figure><img loading=\"lazy\" width=\"727\" height=\"1024\" src=\"https:\/\/aquagrandest.fr\/wp-content\/uploads\/2024\/12\/Certificat-Qualiopie-2024-727x1024.jpg\" alt=\"\" data-id=\"116\" data-full-url=\"https:\/\/aquagrandest.fr\/wp-content\/uploads\/2024\/12\/Certificat-Qualiopie-2024.jpg\" data-link=\"https:\/\/aquagrandest.fr\/?attachment_id=116\" class=\"wp-image-116\" srcset=\"http:\/\/aquagrandest.fr\/wp-content\/uploads\/2024\/12\/Certificat-Qualiopie-2024-727x1024.jpg 727w, http:\/\/aquagrandest.fr\/wp-content\/uploads\/2024\/12\/Certificat-Qualiopie-2024-213x300.jpg 213w, http:\/\/aquagrandest.fr\/wp-content\/uploads\/2024\/12\/Certificat-Qualiopie-2024-768x1081.jpg 768w, http:\/\/aquagrandest.fr\/wp-content\/uploads\/2024\/12\/Certificat-Qualiopie-2024.jpg 797w\" sizes=\"(max-width: 727px) 100vw, 727px\" \/><\/figure><\/li><\/ul><\/figure>\n","protected":false},"excerpt":{"rendered":"<p>FORMATION DISPENSEE AUX CONVOYEURS D\u2019ANIMAUX VIVANTS POISSONS Date: Mercredi 10 Juin 2026 Lieux: Domaine de Lindre, 67 rue principale 57 260 LINDRE-BASSE Je d\u00e9sire faire le Stage de Formation Professionnelle \u00ab&nbsp;TRANSPORT D\u2019ANIMAUX VIVANTS POISSONS\u00bb organis\u00e9 par la FAGE, de la (des) personne(s) suivante(s), pr\u00e9cisez nom, pr\u00e9nom, la date et lieu de naissance : &#8230;&#8230;&#8230;&#8230;&#8230;&#8230;&#8230;&#8230;&#8230;&#8230;&#8230;&#8230;&#8230;&#8230;&#8230;&#8230;\u2026\u2026\u2026\u2026\u2026\u2026\u2026\u2026\u2026\u2026\u2026\u2026\u2026\u2026\u2026\u2026\u2026\u2026 &#8230;&#8230;&#8230;&#8230;&#8230;&#8230;&#8230;&#8230;&#8230;&#8230;&#8230;&#8230;&#8230;&#8230;&#8230;&#8230;\u2026\u2026\u2026\u2026\u2026\u2026\u2026\u2026\u2026\u2026\u2026\u2026\u2026\u2026\u2026\u2026\u2026\u2026 [&hellip;]<\/p>\n","protected":false},"author":1,"featured_media":6,"parent":0,"menu_order":0,"comment_status":"closed","ping_status":"closed","template":"","meta":[],"_links":{"self":[{"href":"http:\/\/aquagrandest.fr\/index.php?rest_route=\/wp\/v2\/pages\/17"}],"collection":[{"href":"http:\/\/aquagrandest.fr\/index.php?rest_route=\/wp\/v2\/pages"}],"about":[{"href":"http:\/\/aquagrandest.fr\/index.php?rest_route=\/wp\/v2\/types\/page"}],"author":[{"embeddable":true,"href":"http:\/\/aquagrandest.fr\/index.php?rest_route=\/wp\/v2\/users\/1"}],"replies":[{"embeddable":true,"href":"http:\/\/aquagrandest.fr\/index.php?rest_route=%2Fwp%2Fv2%2Fcomments&post=17"}],"version-history":[{"count":50,"href":"http:\/\/aquagrandest.fr\/index.php?rest_route=\/wp\/v2\/pages\/17\/revisions"}],"predecessor-version":[{"id":137,"href":"http:\/\/aquagrandest.fr\/index.php?rest_route=\/wp\/v2\/pages\/17\/revisions\/137"}],"wp:featuredmedia":[{"embeddable":true,"href":"http:\/\/aquagrandest.fr\/index.php?rest_route=\/wp\/v2\/media\/6"}],"wp:attachment":[{"href":"http:\/\/aquagrandest.fr\/index.php?rest_route=%2Fwp%2Fv2%2Fmedia&parent=17"}],"curies":[{"name":"wp","href":"https:\/\/api.w.org\/{rel}","templated":true}]}}